{"id":2,"date":"2025-11-03T14:05:59","date_gmt":"2025-11-03T14:05:59","guid":{"rendered":"https:\/\/ai.rineichen.ch\/?page_id=2"},"modified":"2025-11-14T16:25:15","modified_gmt":"2025-11-14T16:25:15","slug":"sample-page","status":"publish","type":"page","link":"https:\/\/ai.rineichen.ch\/","title":{"rendered":"KI"},"content":{"rendered":"\n<h2 class=\"wp-block-heading\">KI &#8212; M\u00f6glichkeiten f\u00fcr KMU&#8217;s <\/h2>\n\n\n\n<p>Alles redet und schreibt \u00fcber KI &#8211; AI und deren riesiges Potential. <\/p>\n\n\n\n<ul class=\"wp-block-list\">\n<li>Welche M\u00f6glichkeiten kann ich wirklich nutzen<\/li>\n\n\n\n<li>Gibt es wirklich reale Mehrwerte f\u00fcr Unternehmen<\/li>\n<\/ul>\n\n\n\n<p>Nach dem ersten grossen Hype, sind viele Unternehmen nicht mehr voll \u00fcberzeugt von einem wirklichen Nutzen. <\/p>\n\n\n\n<p>In der digitalen Welt gibt es aber meiner Meinung nach, wirklich viel Potenzial:<\/p>\n\n\n\n<ul class=\"wp-block-list\">\n<li>Autmatisierung von Prozessen <\/li>\n\n\n\n<li>Mithilfe f\u00fcr Skripting und Development<\/li>\n\n\n\n<li>Workflows f\u00fcr t\u00e4gliche Abl\u00e4ufe erstellen. <\/li>\n<\/ul>\n\n\n\n<p>Dies will ich auf dieser Website versuchen zu erl\u00e4utern. Hier ist z. B. bis auf den Text die ganze Website von AI generiert. Nur WordPress wurde vorinstalliert. <\/p>\n\n\n\n<p>Viel Spass und vielleicht findet sich auch ein Typ f\u00fcr dich<\/p>\n","protected":false},"excerpt":{"rendered":"<p>KI &#8212; M\u00f6glichkeiten f\u00fcr KMU&#8217;s Alles redet und schreibt \u00fcber KI &#8211; AI und deren riesiges Potential. Nach dem ersten grossen Hype, sind viele Unternehmen nicht mehr voll \u00fcberzeugt von einem wirklichen Nutzen. In der digitalen Welt gibt es aber meiner Meinung nach, wirklich viel Potenzial: Dies will ich auf dieser Website versuchen zu erl\u00e4utern. [&hellip;]<\/p>\n","protected":false},"author":1,"featured_media":0,"parent":0,"menu_order":0,"comment_status":"closed","ping_status":"closed","template":"","meta":{"footnotes":""},"class_list":["post-2","page","type-page","status-publish","hentry"],"_links":{"self":[{"href":"https:\/\/ai.rineichen.ch\/index.php?rest_route=\/wp\/v2\/pages\/2","targetHints":{"allow":["GET"]}}],"collection":[{"href":"https:\/\/ai.rineichen.ch\/index.php?rest_route=\/wp\/v2\/pages"}],"about":[{"href":"https:\/\/ai.rineichen.ch\/index.php?rest_route=\/wp\/v2\/types\/page"}],"author":[{"embeddable":true,"href":"https:\/\/ai.rineichen.ch\/index.php?rest_route=\/wp\/v2\/users\/1"}],"replies":[{"embeddable":true,"href":"https:\/\/ai.rineichen.ch\/index.php?rest_route=%2Fwp%2Fv2%2Fcomments&post=2"}],"version-history":[{"count":7,"href":"https:\/\/ai.rineichen.ch\/index.php?rest_route=\/wp\/v2\/pages\/2\/revisions"}],"predecessor-version":[{"id":37,"href":"https:\/\/ai.rineichen.ch\/index.php?rest_route=\/wp\/v2\/pages\/2\/revisions\/37"}],"wp:attachment":[{"href":"https:\/\/ai.rineichen.ch\/index.php?rest_route=%2Fwp%2Fv2%2Fmedia&parent=2"}],"curies":[{"name":"wp","href":"https:\/\/api.w.org\/{rel}","templated":true}]}}